{"id":8496,"date":"2025-03-03T15:49:08","date_gmt":"2025-03-03T14:49:08","guid":{"rendered":"https:\/\/federicocappellina.com\/?page_id=8496"},"modified":"2026-04-19T12:31:41","modified_gmt":"2026-04-19T10:31:41","slug":"uffici-neri-verona","status":"publish","type":"page","link":"https:\/\/federicocappellina.com\/it\/progettazione-ville-di-lusso-progetti-residenziali-nuove-costruzioni-interior-design-wellness-spa-benessere\/uffici-neri-verona\/","title":{"rendered":"Uffici Neri Verona"},"content":{"rendered":"\t\t<div data-elementor-type=\"wp-page\" data-elementor-id=\"8496\" class=\"elementor elementor-8496\" data-elementor-post-type=\"page\">\n\t\t\t\t<div class=\"elementor-element elementor-element-1a0097d e-flex e-con-boxed e-con e-parent\" data-id=\"1a0097d\" data-element_type=\"container\" data-e-type=\"container\" data-settings=\"{&quot;background_background&quot;:&quot;slideshow&quot;,&quot;background_slideshow_gallery&quot;:[{&quot;id&quot;:10979,&quot;url&quot;:&quot;https:\\\/\\\/federicocappellina.com\\\/wp-content\\\/uploads\\\/2025\\\/05\\\/Design-architettonico-innovativo-Architettura-futuristica-Edificio-5.jpg&quot;},{&quot;id&quot;:10978,&quot;url&quot;:&quot;https:\\\/\\\/federicocappellina.com\\\/wp-content\\\/uploads\\\/2025\\\/05\\\/Design-architettonico-innovativo-Architettura-futuristica-Edificio-4.jpg&quot;}],&quot;background_slideshow_ken_burns&quot;:&quot;yes&quot;,&quot;background_slideshow_loop&quot;:&quot;yes&quot;,&quot;background_slideshow_slide_duration&quot;:5000,&quot;background_slideshow_slide_transition&quot;:&quot;fade&quot;,&quot;background_slideshow_transition_duration&quot;:500,&quot;background_slideshow_ken_burns_zoom_direction&quot;:&quot;in&quot;}\">\n\t\t\t\t\t<div class=\"e-con-inner\">\n\t\t\t\t\t<\/div>\n\t\t\t\t<\/div>\n\t\t<div class=\"elementor-element elementor-element-ca9deb3 e-flex e-con-boxed e-con e-parent\" data-id=\"ca9deb3\" data-element_type=\"container\" data-e-type=\"container\">\n\t\t\t\t\t<div class=\"e-con-inner\">\n\t\t\t\t<div class=\"elementor-element elementor-element-4385478 elementor-widget elementor-widget-heading\" data-id=\"4385478\" data-element_type=\"widget\" data-e-type=\"widget\" data-widget_type=\"heading.default\">\n\t\t\t\t<div class=\"elementor-widget-container\">\n\t\t\t\t\t<h1 class=\"elementor-heading-title elementor-size-default\">Morfogenesi Urbana: Un Complesso Iconico per il Futuro del Business e del Retail\n\n<\/h1>\t\t\t\t<\/div>\n\t\t\t\t<\/div>\n\t\t\t\t<div class=\"elementor-element elementor-element-65dffa7 elementor-widget elementor-widget-heading\" data-id=\"65dffa7\" data-element_type=\"widget\" data-e-type=\"widget\" data-widget_type=\"heading.default\">\n\t\t\t\t<div class=\"elementor-widget-container\">\n\t\t\t\t\t<h2 class=\"elementor-heading-title elementor-size-default\">Questo complesso di uffici e negozi rappresenta una fusione audace di arte e architettura, un punto di riferimento urbano che sfida le convenzioni con le sue forme organiche e l'uso innovativo dello spazio. Ispirato ai principi del design parametrico e alla fluidit\u00e0 di architetture d'avanguardia, l'edificio si propone come una scultura abitabile, un ambiente dinamico che stimola la creativit\u00e0 e l'interazione.<\/h2>\t\t\t\t<\/div>\n\t\t\t\t<\/div>\n\t\t\t\t\t<\/div>\n\t\t\t\t<\/div>\n\t\t<div class=\"elementor-element elementor-element-31cb224 e-con-full e-flex e-con e-parent\" data-id=\"31cb224\" data-element_type=\"container\" data-e-type=\"container\" data-settings=\"{&quot;background_background&quot;:&quot;video&quot;,&quot;background_video_link&quot;:&quot;https:\\\/\\\/youtu.be\\\/U317Q09y5FU?si=jrm-NZ-_qKsSvkSB&quot;,&quot;background_play_on_mobile&quot;:&quot;yes&quot;}\">\n\t\t<div class=\"elementor-background-video-container\">\n\t\t\t\t\t\t\t<div class=\"elementor-background-video-embed\" role=\"presentation\"><\/div>\n\t\t\t\t\t\t<\/div>\t\t<\/div>\n\t\t<div class=\"elementor-element elementor-element-undefined-c5074ef e-flex e-con-boxed e-con e-parent\" data-id=\"undefined-c5074ef\" data-element_type=\"container\" data-e-type=\"container\">\n\t\t\t\t\t<div class=\"e-con-inner\">\n\t\t\t\t<div class=\"elementor-element elementor-element-undefined-38e46c9 elementor-widget elementor-widget-image\" data-id=\"undefined-38e46c9\" data-element_type=\"widget\" data-e-type=\"widget\" data-widget_type=\"image.default\">\n\t\t\t\t<div class=\"elementor-widget-container\">\n\t\t\t\t\t\t\t\t\t\t\t\t\t\t\t<img fetchpriority=\"high\" decoding=\"async\" width=\"1536\" height=\"864\" src=\"https:\/\/federicocappellina.com\/wp-content\/uploads\/2025\/05\/Design-architettonico-innovativo-Architettura-futuristica-Edificio-7-1536x864.jpg\" class=\"attachment-1536x1536 size-1536x1536 wp-image-10981\" alt=\"Design architettonico innovativo per un complesso di uffici e negozi con architettura futuristica, progettato da Federico Cappellina &amp; Partners Architects\" srcset=\"https:\/\/federicocappellina.com\/wp-content\/uploads\/2025\/05\/Design-architettonico-innovativo-Architettura-futuristica-Edificio-7-1536x864.jpg 1536w, https:\/\/federicocappellina.com\/wp-content\/uploads\/2025\/05\/Design-architettonico-innovativo-Architettura-futuristica-Edificio-7-300x169.jpg 300w, https:\/\/federicocappellina.com\/wp-content\/uploads\/2025\/05\/Design-architettonico-innovativo-Architettura-futuristica-Edificio-7-1024x576.jpg 1024w, https:\/\/federicocappellina.com\/wp-content\/uploads\/2025\/05\/Design-architettonico-innovativo-Architettura-futuristica-Edificio-7-768x432.jpg 768w, https:\/\/federicocappellina.com\/wp-content\/uploads\/2025\/05\/Design-architettonico-innovativo-Architettura-futuristica-Edificio-7-1320x743.jpg 1320w, https:\/\/federicocappellina.com\/wp-content\/uploads\/2025\/05\/Design-architettonico-innovativo-Architettura-futuristica-Edificio-7-150x84.jpg 150w, https:\/\/federicocappellina.com\/wp-content\/uploads\/2025\/05\/Design-architettonico-innovativo-Architettura-futuristica-Edificio-7.jpg 1920w\" sizes=\"(max-width: 1536px) 100vw, 1536px\" title=\"\">\t\t\t\t\t\t\t\t\t\t\t\t\t\t\t<\/div>\n\t\t\t\t<\/div>\n\t\t\t\t\t<\/div>\n\t\t\t\t<\/div>\n\t\t<div class=\"elementor-element elementor-element-0e3c79a e-flex e-con-boxed e-con e-parent\" data-id=\"0e3c79a\" data-element_type=\"container\" data-e-type=\"container\" data-settings=\"{&quot;background_background&quot;:&quot;gradient&quot;}\">\n\t\t\t\t\t<div class=\"e-con-inner\">\n\t\t\t\t\t<\/div>\n\t\t\t\t<\/div>\n\t\t<div class=\"elementor-element elementor-element-c410c74 e-flex e-con-boxed e-con e-parent\" data-id=\"c410c74\" data-element_type=\"container\" data-e-type=\"container\">\n\t\t\t\t\t<div class=\"e-con-inner\">\n\t\t\t\t<div class=\"elementor-element elementor-element-5609e63 elementor-widget elementor-widget-image\" data-id=\"5609e63\" data-element_type=\"widget\" data-e-type=\"widget\" data-widget_type=\"image.default\">\n\t\t\t\t<div class=\"elementor-widget-container\">\n\t\t\t\t\t\t\t\t\t\t\t\t\t\t\t<img decoding=\"async\" width=\"1536\" height=\"864\" src=\"https:\/\/federicocappellina.com\/wp-content\/uploads\/2025\/05\/Design-architettonico-innovativo-Architettura-futuristica-Edificio-4-1536x864.jpg\" class=\"attachment-1536x1536 size-1536x1536 wp-image-10978\" alt=\"Architettura futuristica e design innovativo: Complesso multifunzionale di Federico Cappellina &amp; Partners Architects con morfogenesi urbana e facciata scultorea\" srcset=\"https:\/\/federicocappellina.com\/wp-content\/uploads\/2025\/05\/Design-architettonico-innovativo-Architettura-futuristica-Edificio-4-1536x864.jpg 1536w, https:\/\/federicocappellina.com\/wp-content\/uploads\/2025\/05\/Design-architettonico-innovativo-Architettura-futuristica-Edificio-4-300x169.jpg 300w, https:\/\/federicocappellina.com\/wp-content\/uploads\/2025\/05\/Design-architettonico-innovativo-Architettura-futuristica-Edificio-4-1024x576.jpg 1024w, https:\/\/federicocappellina.com\/wp-content\/uploads\/2025\/05\/Design-architettonico-innovativo-Architettura-futuristica-Edificio-4-768x432.jpg 768w, https:\/\/federicocappellina.com\/wp-content\/uploads\/2025\/05\/Design-architettonico-innovativo-Architettura-futuristica-Edificio-4-1320x743.jpg 1320w, https:\/\/federicocappellina.com\/wp-content\/uploads\/2025\/05\/Design-architettonico-innovativo-Architettura-futuristica-Edificio-4-150x84.jpg 150w, https:\/\/federicocappellina.com\/wp-content\/uploads\/2025\/05\/Design-architettonico-innovativo-Architettura-futuristica-Edificio-4.jpg 1920w\" sizes=\"(max-width: 1536px) 100vw, 1536px\" title=\"\">\t\t\t\t\t\t\t\t\t\t\t\t\t\t\t<\/div>\n\t\t\t\t<\/div>\n\t\t\t\t\t<\/div>\n\t\t\t\t<\/div>\n\t\t<div class=\"elementor-element elementor-element-2e668c4 e-flex e-con-boxed e-con e-parent\" data-id=\"2e668c4\" data-element_type=\"container\" data-e-type=\"container\" data-settings=\"{&quot;background_background&quot;:&quot;gradient&quot;}\">\n\t\t\t\t\t<div class=\"e-con-inner\">\n\t\t\t\t\t<\/div>\n\t\t\t\t<\/div>\n\t\t<div class=\"elementor-element elementor-element-8dd446b e-flex e-con-boxed e-con e-parent\" data-id=\"8dd446b\" data-element_type=\"container\" data-e-type=\"container\">\n\t\t\t\t\t<div class=\"e-con-inner\">\n\t\t\t\t<div class=\"elementor-element elementor-element-506c2cf elementor-widget elementor-widget-image\" data-id=\"506c2cf\" data-element_type=\"widget\" data-e-type=\"widget\" data-widget_type=\"image.default\">\n\t\t\t\t<div class=\"elementor-widget-container\">\n\t\t\t\t\t\t\t\t\t\t\t\t\t\t\t<img decoding=\"async\" width=\"1536\" height=\"864\" src=\"https:\/\/federicocappellina.com\/wp-content\/uploads\/2025\/05\/Design-architettonico-innovativo-Architettura-futuristica-Edificio-9-1536x864.jpg\" class=\"attachment-1536x1536 size-1536x1536 wp-image-10983\" alt=\"Complesso di uffici e negozi con design futuristico e forma scultorea a Verona, progettato da Federico Cappellina &amp; Partners Architects. Architettura innovativa con terrazze panoramiche e schermi digitali integrati\" srcset=\"https:\/\/federicocappellina.com\/wp-content\/uploads\/2025\/05\/Design-architettonico-innovativo-Architettura-futuristica-Edificio-9-1536x864.jpg 1536w, https:\/\/federicocappellina.com\/wp-content\/uploads\/2025\/05\/Design-architettonico-innovativo-Architettura-futuristica-Edificio-9-300x169.jpg 300w, https:\/\/federicocappellina.com\/wp-content\/uploads\/2025\/05\/Design-architettonico-innovativo-Architettura-futuristica-Edificio-9-1024x576.jpg 1024w, https:\/\/federicocappellina.com\/wp-content\/uploads\/2025\/05\/Design-architettonico-innovativo-Architettura-futuristica-Edificio-9-768x432.jpg 768w, https:\/\/federicocappellina.com\/wp-content\/uploads\/2025\/05\/Design-architettonico-innovativo-Architettura-futuristica-Edificio-9-1320x743.jpg 1320w, https:\/\/federicocappellina.com\/wp-content\/uploads\/2025\/05\/Design-architettonico-innovativo-Architettura-futuristica-Edificio-9-150x84.jpg 150w, https:\/\/federicocappellina.com\/wp-content\/uploads\/2025\/05\/Design-architettonico-innovativo-Architettura-futuristica-Edificio-9.jpg 1920w\" sizes=\"(max-width: 1536px) 100vw, 1536px\" title=\"\">\t\t\t\t\t\t\t\t\t\t\t\t\t\t\t<\/div>\n\t\t\t\t<\/div>\n\t\t\t\t\t<\/div>\n\t\t\t\t<\/div>\n\t\t<div class=\"elementor-element elementor-element-6ad2e3a e-flex e-con-boxed e-con e-parent\" data-id=\"6ad2e3a\" data-element_type=\"container\" data-e-type=\"container\" data-settings=\"{&quot;background_background&quot;:&quot;gradient&quot;}\">\n\t\t\t\t\t<div class=\"e-con-inner\">\n\t\t\t\t\t<\/div>\n\t\t\t\t<\/div>\n\t\t<div class=\"elementor-element elementor-element-86771b0 e-flex e-con-boxed e-con e-parent\" data-id=\"86771b0\" data-element_type=\"container\" data-e-type=\"container\">\n\t\t\t\t\t<div class=\"e-con-inner\">\n\t\t\t\t<div class=\"elementor-element elementor-element-d5bb9cd elementor-widget elementor-widget-image\" data-id=\"d5bb9cd\" data-element_type=\"widget\" data-e-type=\"widget\" data-widget_type=\"image.default\">\n\t\t\t\t<div class=\"elementor-widget-container\">\n\t\t\t\t\t\t\t\t\t\t\t\t\t\t\t<img loading=\"lazy\" decoding=\"async\" width=\"1536\" height=\"864\" src=\"https:\/\/federicocappellina.com\/wp-content\/uploads\/2025\/05\/Design-architettonico-innovativo-Architettura-futuristica-Edificio-1-1536x864.jpg\" class=\"attachment-1536x1536 size-1536x1536 wp-image-10985\" alt=\"Complesso futuristico di uffici e negozi a pi\u00f9 livelli con terrazze panoramiche, design di Federico Cappellina &amp; Partners Architects. Edificio iconico con forma scultorea e schermi digitali integrati nella facciata\" srcset=\"https:\/\/federicocappellina.com\/wp-content\/uploads\/2025\/05\/Design-architettonico-innovativo-Architettura-futuristica-Edificio-1-1536x864.jpg 1536w, https:\/\/federicocappellina.com\/wp-content\/uploads\/2025\/05\/Design-architettonico-innovativo-Architettura-futuristica-Edificio-1-300x169.jpg 300w, https:\/\/federicocappellina.com\/wp-content\/uploads\/2025\/05\/Design-architettonico-innovativo-Architettura-futuristica-Edificio-1-1024x576.jpg 1024w, https:\/\/federicocappellina.com\/wp-content\/uploads\/2025\/05\/Design-architettonico-innovativo-Architettura-futuristica-Edificio-1-768x432.jpg 768w, https:\/\/federicocappellina.com\/wp-content\/uploads\/2025\/05\/Design-architettonico-innovativo-Architettura-futuristica-Edificio-1-1320x743.jpg 1320w, https:\/\/federicocappellina.com\/wp-content\/uploads\/2025\/05\/Design-architettonico-innovativo-Architettura-futuristica-Edificio-1-150x84.jpg 150w, https:\/\/federicocappellina.com\/wp-content\/uploads\/2025\/05\/Design-architettonico-innovativo-Architettura-futuristica-Edificio-1.jpg 1920w\" sizes=\"(max-width: 1536px) 100vw, 1536px\" title=\"\">\t\t\t\t\t\t\t\t\t\t\t\t\t\t\t<\/div>\n\t\t\t\t<\/div>\n\t\t\t\t\t<\/div>\n\t\t\t\t<\/div>\n\t\t<div class=\"elementor-element elementor-element-b566c97 e-flex e-con-boxed e-con e-parent\" data-id=\"b566c97\" data-element_type=\"container\" data-e-type=\"container\" data-settings=\"{&quot;background_background&quot;:&quot;gradient&quot;}\">\n\t\t\t\t\t<div class=\"e-con-inner\">\n\t\t\t\t\t<\/div>\n\t\t\t\t<\/div>\n\t\t<div class=\"elementor-element elementor-element-8208fc3 e-flex e-con-boxed e-con e-parent\" data-id=\"8208fc3\" data-element_type=\"container\" data-e-type=\"container\" data-settings=\"{&quot;background_background&quot;:&quot;classic&quot;}\">\n\t\t\t\t\t<div class=\"e-con-inner\">\n\t\t\t\t<div class=\"elementor-element elementor-element-a17a8df elementor-skin-carousel elementor-arrows-yes elementor-widget elementor-widget-media-carousel\" data-id=\"a17a8df\" data-element_type=\"widget\" data-e-type=\"widget\" data-settings=\"{&quot;space_between&quot;:{&quot;unit&quot;:&quot;px&quot;,&quot;size&quot;:30,&quot;sizes&quot;:[]},&quot;effect&quot;:&quot;fade&quot;,&quot;space_between_mobile&quot;:{&quot;unit&quot;:&quot;px&quot;,&quot;size&quot;:7,&quot;sizes&quot;:[]},&quot;skin&quot;:&quot;carousel&quot;,&quot;show_arrows&quot;:&quot;yes&quot;,&quot;speed&quot;:500,&quot;autoplay&quot;:&quot;yes&quot;,&quot;autoplay_speed&quot;:5000,&quot;loop&quot;:&quot;yes&quot;,&quot;pause_on_hover&quot;:&quot;yes&quot;,&quot;pause_on_interaction&quot;:&quot;yes&quot;,&quot;space_between_tablet&quot;:{&quot;unit&quot;:&quot;px&quot;,&quot;size&quot;:10,&quot;sizes&quot;:[]}}\" data-widget_type=\"media-carousel.default\">\n\t\t\t\t<div class=\"elementor-widget-container\">\n\t\t\t\t\t\t\t\t\t<div class=\"elementor-swiper\">\n\t\t\t\t\t<div class=\"elementor-main-swiper swiper\" role=\"region\" aria-roledescription=\"carousel\" aria-label=\"Slides\">\n\t\t\t\t<div class=\"swiper-wrapper\">\n\t\t\t\t\t\t\t\t\t\t\t<div class=\"swiper-slide\" role=\"group\" aria-roledescription=\"slide\">\n\t\t\t\t\t\t\t\t\t<div class=\"elementor-carousel-image\" role=\"img\" aria-label=\"Design architettonico innovativo per un complesso di uffici e negozi con architettura futuristica, progettato da Federico Cappellina &amp; Partners Architect\" style=\"background-image: url(&#039;https:\/\/federicocappellina.com\/wp-content\/uploads\/2025\/05\/Design-architettonico-innovativo-Architettura-futuristica-Edificio-6.jpg&#039;)\">\n\n\t\t\t\n\t\t\t\t\t<\/div>\n\t\t\t\t\t\t\t\t<\/div>\n\t\t\t\t\t\t\t\t\t\t\t<div class=\"swiper-slide\" role=\"group\" aria-roledescription=\"slide\">\n\t\t\t\t\t\t\t\t\t<div class=\"elementor-carousel-image\" role=\"img\" aria-label=\"Architettura futuristica e design innovativo: Complesso multifunzionale di Federico Cappellina &amp; Partners Architects con morfogenesi urbana e facciata scultorea\" style=\"background-image: url(&#039;https:\/\/federicocappellina.com\/wp-content\/uploads\/2025\/05\/Design-architettonico-innovativo-Architettura-futuristica-Edificio-3.jpg&#039;)\">\n\n\t\t\t\n\t\t\t\t\t<\/div>\n\t\t\t\t\t\t\t\t<\/div>\n\t\t\t\t\t\t\t\t\t<\/div>\n\t\t\t\t\t\t\t\t\t\t\t\t\t\t\t<div class=\"elementor-swiper-button elementor-swiper-button-prev\" role=\"button\" tabindex=\"0\" aria-label=\"Precedente\">\n\t\t\t\t\t\t\t<svg aria-hidden=\"true\" class=\"e-font-icon-svg e-eicon-chevron-left\" viewBox=\"0 0 1000 1000\" xmlns=\"http:\/\/www.w3.org\/2000\/svg\"><path d=\"M646 125C629 125 613 133 604 142L308 442C296 454 292 471 292 487 292 504 296 521 308 533L604 854C617 867 629 875 646 875 663 875 679 871 692 858 704 846 713 829 713 812 713 796 708 779 692 767L438 487 692 225C700 217 708 204 708 187 708 171 704 154 692 142 675 129 663 125 646 125Z\"><\/path><\/svg>\t\t\t\t\t\t<\/div>\n\t\t\t\t\t\t<div class=\"elementor-swiper-button elementor-swiper-button-next\" role=\"button\" tabindex=\"0\" aria-label=\"Successivo\">\n\t\t\t\t\t\t\t<svg aria-hidden=\"true\" class=\"e-font-icon-svg e-eicon-chevron-right\" viewBox=\"0 0 1000 1000\" xmlns=\"http:\/\/www.w3.org\/2000\/svg\"><path d=\"M696 533C708 521 713 504 713 487 713 471 708 454 696 446L400 146C388 133 375 125 354 125 338 125 325 129 313 142 300 154 292 171 292 187 292 204 296 221 308 233L563 492 304 771C292 783 288 800 288 817 288 833 296 850 308 863 321 871 338 875 354 875 371 875 388 867 400 854L696 533Z\"><\/path><\/svg>\t\t\t\t\t\t<\/div>\n\t\t\t\t\t\t\t\t\t\t\t\t\t\t\t\t\t<\/div>\n\t\t\t\t<\/div>\n\t\t\t\t\t\t\t\t<\/div>\n\t\t\t\t<\/div>\n\t\t\t\t\t<\/div>\n\t\t\t\t<\/div>\n\t\t<div class=\"elementor-element elementor-element-4e9a116 e-flex e-con-boxed e-con e-parent\" data-id=\"4e9a116\" data-element_type=\"container\" data-e-type=\"container\" data-settings=\"{&quot;background_background&quot;:&quot;classic&quot;}\">\n\t\t\t\t\t<div class=\"e-con-inner\">\n\t\t<div class=\"elementor-element elementor-element-c103a5d e-con-full e-flex e-con e-child\" data-id=\"c103a5d\" data-element_type=\"container\" data-e-type=\"container\">\n\t\t\t\t<div class=\"elementor-element elementor-element-a0ad5c0 elementor-widget elementor-widget-heading\" data-id=\"a0ad5c0\" data-element_type=\"widget\" data-e-type=\"widget\" data-widget_type=\"heading.default\">\n\t\t\t\t<div class=\"elementor-widget-container\">\n\t\t\t\t\t<h2 class=\"elementor-heading-title elementor-size-default\">Architettura Iconica e Futuristica: Morfogenesi Urbana, un Nuovo Standard per Complessi Multifunzionali<\/h2>\t\t\t\t<\/div>\n\t\t\t\t<\/div>\n\t\t\t\t<\/div>\n\t\t<div class=\"elementor-element elementor-element-93b9a79 e-con-full e-flex e-con e-child\" data-id=\"93b9a79\" data-element_type=\"container\" data-e-type=\"container\">\n\t\t\t\t<div class=\"elementor-element elementor-element-eb6eef3 elementor-widget elementor-widget-heading\" data-id=\"eb6eef3\" data-element_type=\"widget\" data-e-type=\"widget\" data-widget_type=\"heading.default\">\n\t\t\t\t<div class=\"elementor-widget-container\">\n\t\t\t\t\t<h2 class=\"elementor-heading-title elementor-size-default\">Questo complesso di uffici e negozi rappresenta una fusione audace di arte e architettura, un punto di riferimento urbano che sfida le convenzioni con le sue forme organiche e l'uso innovativo dello spazio. Ispirato ai principi del design parametrico e alla fluidit\u00e0 di architetture d'avanguardia, l'edificio si propone come una scultura abitabile, un ambiente dinamico che stimola la creativit\u00e0 e l'interazione.<\/h2>\t\t\t\t<\/div>\n\t\t\t\t<\/div>\n\t\t\t\t<div class=\"elementor-element elementor-element-75f0721 elementor-widget elementor-widget-text-editor\" data-id=\"75f0721\" data-element_type=\"widget\" data-e-type=\"widget\" data-widget_type=\"text-editor.default\">\n\t\t\t\t<div class=\"elementor-widget-container\">\n\t\t\t\t\t\t\t\t\t<p>L&#8217;architettura del complesso \u00e8 caratterizzata da una sinergia tra linee rette e curve sinuose. La facciata principale \u00e8 dominata da una forma scultorea nera, apparentemente avvolgente, che contrasta con la regolarit\u00e0 della struttura retrostante. Questa forma organica, che richiama le opere di architetti visionari, non \u00e8 solo un elemento estetico, ma anche funzionale, creando zone d&#8217;ombra e spazi protetti dall&#8217;irraggiamento solare diretto.<\/p><p>La struttura principale dell&#8217;edificio \u00e8 definita da una griglia ortogonale di finestre, che conferisce un aspetto moderno e razionale. Questa contrapposizione tra la facciata scultorea e la griglia regolare crea un interessante gioco di volumi e prospettive, offrendo un&#8217;esperienza visiva dinamica e coinvolgente.<\/p><p>La parte superiore dell&#8217;edificio ospita terrazze panoramiche, protette da parapetti in vetro trasparente. Questi spazi offrono viste mozzafiato sulla citt\u00e0 circostante e creano un ambiente ideale per eventi aziendali o momenti di relax. La presenza di figure umane sulle terrazze contribuisce a dare una scala all&#8217;edificio e a sottolineare la sua vocazione pubblica.<\/p><p>Un elemento distintivo del complesso \u00e8 la presenza di schermi digitali integrati nella facciata. Questi schermi possono essere utilizzati per proiettare opere d&#8217;arte digitali, video promozionali o informazioni utili per i visitatori. L&#8217;integrazione di elementi digitali nell&#8217;architettura conferisce all&#8217;edificio un aspetto futuristico e lo rende un punto di riferimento tecnologico.<\/p><p>L&#8217;uso di materiali come il vetro, l&#8217;acciaio e il cemento a vista contribuisce a creare un&#8217;immagine moderna e sofisticata. La combinazione di superfici lisce e ruvide, opache e trasparenti, crea un interessante gioco di texture e riflessioni.<\/p><p>Il complesso \u00e8 progettato per essere sostenibile ed efficiente dal punto di vista energetico. L&#8217;uso di sistemi di illuminazione a LED, pannelli solari e sistemi di recupero delle acque piovane contribuisce a ridurre l&#8217;impatto ambientale dell&#8217;edificio.<\/p><p>L&#8217;approccio deconstructivista e la fluidit\u00e0 delle forme ricordano progetti iconici realizzati da architetti di fama internazionale. Tuttavia, questo complesso si distingue per la sua capacit\u00e0 di integrare elementi digitali e per la sua vocazione commerciale.<\/p>\t\t\t\t\t\t\t\t<\/div>\n\t\t\t\t<\/div>\n\t\t\t\t<\/div>\n\t\t\t\t\t<\/div>\n\t\t\t\t<\/div>\n\t\t\t\t<\/div>\n\t\t","protected":false},"excerpt":{"rendered":"<p>Morfogenesi Urbana: Un Complesso Iconico per il Futuro del Business e del Retail Questo complesso di uffici e negozi rappresenta una fusione audace di arte e architettura, un punto di riferimento urbano che sfida le convenzioni con le sue forme organiche e l&#8217;uso innovativo dello spazio. Ispirato ai principi del design parametrico e alla fluidit\u00e0 [&hellip;]<\/p>\n","protected":false},"author":1,"featured_media":0,"parent":1057,"menu_order":-1001,"comment_status":"closed","ping_status":"closed","template":"","meta":{"_acf_changed":false,"footnotes":""},"folder":[66],"class_list":["post-8496","page","type-page","status-publish","hentry"],"acf":[],"_links":{"self":[{"href":"https:\/\/federicocappellina.com\/it\/wp-json\/wp\/v2\/pages\/8496","targetHints":{"allow":["GET"]}}],"collection":[{"href":"https:\/\/federicocappellina.com\/it\/wp-json\/wp\/v2\/pages"}],"about":[{"href":"https:\/\/federicocappellina.com\/it\/wp-json\/wp\/v2\/types\/page"}],"author":[{"embeddable":true,"href":"https:\/\/federicocappellina.com\/it\/wp-json\/wp\/v2\/users\/1"}],"replies":[{"embeddable":true,"href":"https:\/\/federicocappellina.com\/it\/wp-json\/wp\/v2\/comments?post=8496"}],"version-history":[{"count":12,"href":"https:\/\/federicocappellina.com\/it\/wp-json\/wp\/v2\/pages\/8496\/revisions"}],"predecessor-version":[{"id":18151,"href":"https:\/\/federicocappellina.com\/it\/wp-json\/wp\/v2\/pages\/8496\/revisions\/18151"}],"up":[{"embeddable":true,"href":"https:\/\/federicocappellina.com\/it\/wp-json\/wp\/v2\/pages\/1057"}],"wp:attachment":[{"href":"https:\/\/federicocappellina.com\/it\/wp-json\/wp\/v2\/media?parent=8496"}],"wp:term":[{"taxonomy":"folder","embeddable":true,"href":"https:\/\/federicocappellina.com\/it\/wp-json\/wp\/v2\/folder?post=8496"}],"curies":[{"name":"wp","href":"https:\/\/api.w.org\/{rel}","templated":true}]}}